{"id":3,"date":"2023-05-30T10:52:25","date_gmt":"2023-05-30T10:52:25","guid":{"rendered":"https:\/\/siacentres.com\/?page_id=3"},"modified":"2025-05-27T16:06:19","modified_gmt":"2025-05-27T16:06:19","slug":"politica-privacidad","status":"publish","type":"page","link":"https:\/\/siacentres.com\/ca\/politica-privacidad\/","title":{"rendered":"Pol\u00edtica de privadesa"},"content":{"rendered":"<div data-elementor-type=\"wp-page\" data-elementor-id=\"3\" class=\"elementor elementor-3\" data-elementor-post-type=\"page\">\n\t\t\t\t\t\t<section class=\"elementor-section elementor-top-section elementor-element elementor-element-79f9640 elementor-section-content-middle elementor-section-full_width elementor-section-height-default elementor-section-height-default\" data-id=\"79f9640\" data-element_type=\"section\" data-e-type=\"section\" data-settings=\"{&quot;background_background&quot;:&quot;classic&quot;}\">\n\t\t\t\t\t\t<div class=\"elementor-container elementor-column-gap-no\">\n\t\t\t\t\t<div class=\"elementor-column elementor-col-33 elementor-top-column elementor-element elementor-element-d7d4da6\" data-id=\"d7d4da6\" data-element_type=\"column\" data-e-type=\"column\">\n\t\t\t<div class=\"elementor-widget-wrap elementor-element-populated\">\n\t\t\t\t\t\t<div class=\"elementor-element elementor-element-1fd0496 elementor-widget elementor-widget-image\" data-id=\"1fd0496\" data-element_type=\"widget\" data-e-type=\"widget\" data-widget_type=\"image.default\">\n\t\t\t\t\t\t\t\t\t\t\t\t\t\t\t\t<a href=\"https:\/\/siacentres.com\/ca\/\">\n\t\t\t\t\t\t\t<img fetchpriority=\"high\" decoding=\"async\" width=\"1873\" height=\"1262\" src=\"https:\/\/siacentres.com\/wp-content\/uploads\/2024\/05\/logo-2.png\" class=\"attachment-full size-full wp-image-734\" alt=\"\" srcset=\"https:\/\/siacentres.com\/wp-content\/uploads\/2024\/05\/logo-2.png 1873w, https:\/\/siacentres.com\/wp-content\/uploads\/2024\/05\/logo-2-300x202.png 300w, https:\/\/siacentres.com\/wp-content\/uploads\/2024\/05\/logo-2-1024x690.png 1024w, https:\/\/siacentres.com\/wp-content\/uploads\/2024\/05\/logo-2-768x517.png 768w, https:\/\/siacentres.com\/wp-content\/uploads\/2024\/05\/logo-2-1536x1035.png 1536w, https:\/\/siacentres.com\/wp-content\/uploads\/2024\/05\/logo-2-18x12.png 18w\" sizes=\"(max-width: 1873px) 100vw, 1873px\" \/>\t\t\t\t\t\t\t\t<\/a>\n\t\t\t\t\t\t\t\t\t\t\t\t\t\t\t<\/div>\n\t\t\t\t\t<\/div>\n\t\t<\/div>\n\t\t\t\t<div class=\"elementor-column elementor-col-33 elementor-top-column elementor-element elementor-element-f692007\" data-id=\"f692007\" data-element_type=\"column\" data-e-type=\"column\" data-settings=\"{&quot;background_background&quot;:&quot;classic&quot;}\">\n\t\t\t<div class=\"elementor-widget-wrap\">\n\t\t\t\t\t\t\t<\/div>\n\t\t<\/div>\n\t\t\t\t<div class=\"elementor-column elementor-col-33 elementor-top-column elementor-element elementor-element-0114c15\" data-id=\"0114c15\" data-element_type=\"column\" data-e-type=\"column\">\n\t\t\t<div class=\"elementor-widget-wrap elementor-element-populated\">\n\t\t\t\t\t\t<div class=\"elementor-element elementor-element-c893d6f elementor-align-right elementor-tablet-align-right elementor-widget elementor-widget-button\" data-id=\"c893d6f\" data-element_type=\"widget\" data-e-type=\"widget\" data-widget_type=\"button.default\">\n\t\t\t\t\t\t\t\t\t\t<a class=\"elementor-button elementor-button-link elementor-size-md\" href=\"https:\/\/siacentres.com\/ca\/contacto\/\">\n\t\t\t\t\t\t<span class=\"elementor-button-content-wrapper\">\n\t\t\t\t\t\t\t\t\t<span class=\"elementor-button-text\">CONTACTE<\/span>\n\t\t\t\t\t<\/span>\n\t\t\t\t\t<\/a>\n\t\t\t\t\t\t\t\t<\/div>\n\t\t\t\t\t<\/div>\n\t\t<\/div>\n\t\t\t\t\t<\/div>\n\t\t<\/section>\n\t\t\t\t<section class=\"elementor-section elementor-top-section elementor-element elementor-element-5b1678e8 elementor-section-boxed elementor-section-height-default elementor-section-height-default\" data-id=\"5b1678e8\" data-element_type=\"section\" data-e-type=\"section\" data-settings=\"{&quot;background_background&quot;:&quot;classic&quot;}\">\n\t\t\t\t\t\t\t<div class=\"elementor-background-overlay\"><\/div>\n\t\t\t\t\t\t\t<div class=\"elementor-container elementor-column-gap-default\">\n\t\t\t\t\t<div class=\"elementor-column elementor-col-100 elementor-top-column elementor-element elementor-element-738825af\" data-id=\"738825af\" data-element_type=\"column\" data-e-type=\"column\">\n\t\t\t<div class=\"elementor-widget-wrap elementor-element-populated\">\n\t\t\t\t\t\t<div class=\"elementor-element elementor-element-7b15b060 elementor-widget elementor-widget-text-editor\" data-id=\"7b15b060\" data-element_type=\"widget\" data-e-type=\"widget\" data-widget_type=\"text-editor.default\">\n\t\t\t\t\t\t\t\t\t<h3>Qui som<\/h3>\n<p><!-- \/wp:heading --><!-- wp:paragraph --><\/p>\n<p>L'adre\u00e7a de la nostra web \u00e9s: http:\/\/siacentres.com.<\/p>\n<p>A SIA, valorem i respectem la teva privadesa. Aquesta Pol\u00edtica de Privadesa explica com recopilem, utilitzem, protegim i divulguem la informaci\u00f3 personal que obtenim a trav\u00e9s del nostre lloc web.<\/p>\n<p><!-- \/wp:paragraph --><!-- wp:heading --><\/p>\n<h3>Recull d'informaci\u00f3<\/h3>\n<p><!-- \/wp:heading --><!-- wp:paragraph --><\/p>\n<p>Recopilem informaci\u00f3 personal que ens proporciones volunt\u00e0riament, com ara el teu nom, adre\u00e7a de correu electr\u00f2nic i n\u00famero de tel\u00e8fon, quan et registres al nostre lloc web o ens contactes a trav\u00e9s dels nostres formularis de contacte.<\/p>\n<p><!-- \/wp:paragraph --><!-- wp:heading --><\/p>\n<h3>\u00das de la informaci\u00f3<\/h3>\n<p><!-- \/wp:heading --><!-- wp:paragraph --><\/p>\n<p>Utilitzem la informaci\u00f3 recopilada per respondre a les teves consultes, proporcionar-te els serveis sol\u00b7licitats, millorar el nostre lloc web i comunicar-nos amb tu sobre actualitzacions, promocions o altres aspectes relacionats amb els nostres serveis.<\/p>\n<p><!-- \/wp:paragraph --><!-- wp:heading --><\/p>\n<h3>Protecci\u00f3 de la informaci\u00f3<\/h3>\n<p><!-- \/wp:heading --><!-- wp:paragraph --><\/p>\n<p>Prenem les mesures necess\u00e0ries per protegir la teva informaci\u00f3 personal i mantenir-la segura. Implementem mesures t\u00e8cniques i organitzatives adequades per prevenir la p\u00e8rdua, \u00fas indegut, divulgaci\u00f3 o alteraci\u00f3 no autoritzada de les teves dades personals. Contingut incrustat d'altres llocs web<\/p>\n<p><!-- \/wp:heading --><!-- wp:paragraph --><\/p>\n<h3>Divulgaci\u00f3 d'informaci\u00f3<\/h3>\n<p><!-- \/wp:heading --><!-- wp:paragraph --><\/p>\n<p>No compartirem la teva informaci\u00f3 personal amb tercers, excepte quan sigui necessari per complir requisits legals, protegir els nostres drets legals o en cas de fusions o adquisicions.<\/p>\n<p><!-- \/wp:paragraph --><!-- wp:heading --><\/p>\n<h3>Cookies<\/h3>\n<p><!-- \/wp:heading --><!-- wp:paragraph --><\/p>\n<p>Utilitzem cookies per millorar la teva experi\u00e8ncia de navegaci\u00f3 al nostre lloc web. Pots configurar el teu navegador perqu\u00e8 rebutgi les galetes, per\u00f2 aix\u00f2 pot afectar el funcionament adequat del lloc.<\/p>\n<p><!-- \/wp:paragraph --><!-- wp:heading --><\/p>\n<h3>Quins drets tens sobre les teves dades<\/h3>\n<p><!-- \/wp:heading --><!-- wp:paragraph --><\/p>\n<p>Podeu accedir, corregir, actualitzar o eliminar la vostra informaci\u00f3 personal en qualsevol moment. Si vols exercir els teus drets o tens alguna pregunta sobre la nostra Pol\u00edtica de Privadesa, contacta'ns a trav\u00e9s dels mitjans indicats al nostre lloc web.<\/p>\n<p><!-- \/wp:paragraph --><!-- wp:heading --><\/p>\n<h3>Actualitzacions de la Pol\u00edtica de Privadesa<\/h3>\n<p><!-- \/wp:heading --><!-- wp:paragraph --><\/p>\n<p>Ens reservem el dret d'actualitzar o modificar aquesta Pol\u00edtica de Privadesa en qualsevol moment. Et recomanem revisar-la peri\u00f2dicament per estar informat sobre qualsevol canvi.<\/p>\n<p>En utilitzar el nostre lloc web, acceptes els termes d'aquesta Pol\u00edtica de Privadesa. El nostre comprom\u00eds \u00e9s protegir la teva privadesa i assegurar el tractament segur i confidencial de la teva informaci\u00f3 personal.<\/p>\n<p><!-- \/wp:paragraph --><\/p>\t\t\t\t\t\t\t\t<\/div>\n\t\t\t\t\t<\/div>\n\t\t<\/div>\n\t\t\t\t\t<\/div>\n\t\t<\/section>\n\t\t\t\t<\/div>","protected":false},"excerpt":{"rendered":"<p>SIA Centres Quienes somos Servicios Psicolog\u00eda Reeducaci\u00f3n T\u00e9cnicas de estudio Reeducaci\u00f3n del habla Refuerzo escolar Blog Men\u00fa conmutador hamburguesa CONTACTO Qui\u00e9nes somos La direcci\u00f3n de nuestra web es: http:\/\/siacentres.com. En SIA, valoramos y respetamos tu privacidad. Esta Pol\u00edtica de Privacidad explica c\u00f3mo recopilamos, utilizamos, protegemos y divulgamos la informaci\u00f3n personal que obtenemos a trav\u00e9s de [&hellip;]<\/p>\n","protected":false},"author":1,"featured_media":0,"parent":0,"menu_order":0,"comment_status":"closed","ping_status":"open","template":"","meta":{"footnotes":""},"class_list":["post-3","page","type-page","status-publish","hentry"],"yoast_head":"<!-- This site is optimized with the Yoast SEO Premium plugin v24.8 (Yoast SEO v27.3) - https:\/\/yoast.com\/product\/yoast-seo-premium-wordpress\/ -->\n<title>Pol\u00edtica de privacidad &#8212; SIA Centres<\/title>\n<meta name=\"description\" content=\"En el Centro SIA en Sant Boi, nos preocupamos por tu privacidad y protecci\u00f3n de datos personales. Lee nuestra pol\u00edtica de privacidad para comprender c\u00f3mo recopilamos, utilizamos y protegemos tu informaci\u00f3n personal. Nuestro compromiso es garantizar la confidencialidad y seguridad de tus datos, cumpliendo con las leyes y regulaciones de privacidad vigentes. Conoce tus derechos y c\u00f3mo ejercerlos, as\u00ed como los procedimientos que implementamos para proteger tu informaci\u00f3n. En el Centro SIA, nos tomamos en serio tu privacidad y estamos comprometidos a mantener la confianza que depositas en nosotros. Lee nuestra pol\u00edtica de privacidad completa para obtener informaci\u00f3n detallada sobre c\u00f3mo gestionamos tus datos personales.\" \/>\n<meta name=\"robots\" content=\"index, follow, max-snippet:-1, max-image-preview:large, max-video-preview:-1\" \/>\n<link rel=\"canonical\" href=\"https:\/\/siacentres.com\/ca\/politica-privacidad\/\" \/>\n<meta property=\"og:locale\" content=\"ca_ES\" \/>\n<meta property=\"og:type\" content=\"article\" \/>\n<meta property=\"og:title\" content=\"SIA Centres de psicolog\u00eda y educaci\u00f3n infantil\" \/>\n<meta property=\"og:description\" content=\"Centro de Psicolog\u00eda y educaci\u00f3n infantil mejor calificado de Barcelona. Especializados en el rendimiento acad\u00e9mico y la salud emocional.\" \/>\n<meta property=\"og:url\" content=\"https:\/\/siacentres.com\/ca\/politica-privacidad\/\" \/>\n<meta property=\"og:site_name\" content=\"SIA Centres\" \/>\n<meta property=\"article:modified_time\" content=\"2025-05-27T16:06:19+00:00\" \/>\n<meta property=\"og:image\" content=\"https:\/\/siacentres.com\/wp-content\/uploads\/2024\/05\/logo-2.png\" \/>\n\t<meta property=\"og:image:width\" content=\"1873\" \/>\n\t<meta property=\"og:image:height\" content=\"1262\" \/>\n\t<meta property=\"og:image:type\" content=\"image\/png\" \/>\n<meta name=\"twitter:card\" content=\"summary_large_image\" \/>\n<meta name=\"twitter:label1\" content=\"Temps estimat de lectura\" \/>\n\t<meta name=\"twitter:data1\" content=\"2 minuts\" \/>\n<script type=\"application\/ld+json\" class=\"yoast-schema-graph\">{\"@context\":\"https:\\\/\\\/schema.org\",\"@graph\":[{\"@type\":\"WebPage\",\"@id\":\"https:\\\/\\\/siacentres.com\\\/politica-privacidad\\\/\",\"url\":\"https:\\\/\\\/siacentres.com\\\/politica-privacidad\\\/\",\"name\":\"Pol\u00edtica de privacidad &#8212; SIA Centres\",\"isPartOf\":{\"@id\":\"https:\\\/\\\/siacentres.com\\\/#website\"},\"primaryImageOfPage\":{\"@id\":\"https:\\\/\\\/siacentres.com\\\/politica-privacidad\\\/#primaryimage\"},\"image\":{\"@id\":\"https:\\\/\\\/siacentres.com\\\/politica-privacidad\\\/#primaryimage\"},\"thumbnailUrl\":\"https:\\\/\\\/siacentres.com\\\/wp-content\\\/uploads\\\/2024\\\/05\\\/logo-2.png\",\"datePublished\":\"2023-05-30T10:52:25+00:00\",\"dateModified\":\"2025-05-27T16:06:19+00:00\",\"description\":\"En el Centro SIA en Sant Boi, nos preocupamos por tu privacidad y protecci\u00f3n de datos personales. Lee nuestra pol\u00edtica de privacidad para comprender c\u00f3mo recopilamos, utilizamos y protegemos tu informaci\u00f3n personal. Nuestro compromiso es garantizar la confidencialidad y seguridad de tus datos, cumpliendo con las leyes y regulaciones de privacidad vigentes. Conoce tus derechos y c\u00f3mo ejercerlos, as\u00ed como los procedimientos que implementamos para proteger tu informaci\u00f3n. En el Centro SIA, nos tomamos en serio tu privacidad y estamos comprometidos a mantener la confianza que depositas en nosotros. Lee nuestra pol\u00edtica de privacidad completa para obtener informaci\u00f3n detallada sobre c\u00f3mo gestionamos tus datos personales.\",\"inLanguage\":\"ca\",\"potentialAction\":[{\"@type\":\"ReadAction\",\"target\":[\"https:\\\/\\\/siacentres.com\\\/politica-privacidad\\\/\"]}]},{\"@type\":\"ImageObject\",\"inLanguage\":\"ca\",\"@id\":\"https:\\\/\\\/siacentres.com\\\/politica-privacidad\\\/#primaryimage\",\"url\":\"https:\\\/\\\/siacentres.com\\\/wp-content\\\/uploads\\\/2024\\\/05\\\/logo-2.png\",\"contentUrl\":\"https:\\\/\\\/siacentres.com\\\/wp-content\\\/uploads\\\/2024\\\/05\\\/logo-2.png\"},{\"@type\":\"WebSite\",\"@id\":\"https:\\\/\\\/siacentres.com\\\/#website\",\"url\":\"https:\\\/\\\/siacentres.com\\\/\",\"name\":\"SIA Centre\",\"description\":\"Psicolog\u00eda, psicopedagog\u00eda y refuerzo escolar en Sant Boi y online\",\"publisher\":{\"@id\":\"https:\\\/\\\/siacentres.com\\\/#organization\"},\"alternateName\":\"PSICOLOG\u00cdA, PSICOPEDAGOG\u00cdA, REEDUCACI\u00d3N DEL HABLA, REFUERZO ESCOLAR\",\"potentialAction\":[{\"@type\":\"SearchAction\",\"target\":{\"@type\":\"EntryPoint\",\"urlTemplate\":\"https:\\\/\\\/siacentres.com\\\/?s={search_term_string}\"},\"query-input\":{\"@type\":\"PropertyValueSpecification\",\"valueRequired\":true,\"valueName\":\"search_term_string\"}}],\"inLanguage\":\"ca\"},{\"@type\":\"Organization\",\"@id\":\"https:\\\/\\\/siacentres.com\\\/#organization\",\"name\":\"SIA centre de psicologia i educaci\u00f3\",\"alternateName\":\"SIA centro de psicolog\u00eda y educaci\u00f3n\",\"url\":\"https:\\\/\\\/siacentres.com\\\/\",\"logo\":{\"@type\":\"ImageObject\",\"inLanguage\":\"ca\",\"@id\":\"https:\\\/\\\/siacentres.com\\\/#\\\/schema\\\/logo\\\/image\\\/\",\"url\":\"https:\\\/\\\/siacentres.com\\\/wp-content\\\/uploads\\\/2025\\\/02\\\/Favicon-SIA.webp\",\"contentUrl\":\"https:\\\/\\\/siacentres.com\\\/wp-content\\\/uploads\\\/2025\\\/02\\\/Favicon-SIA.webp\",\"width\":512,\"height\":512,\"caption\":\"SIA centre de psicologia i educaci\u00f3\"},\"image\":{\"@id\":\"https:\\\/\\\/siacentres.com\\\/#\\\/schema\\\/logo\\\/image\\\/\"},\"sameAs\":[\"https:\\\/\\\/instagram.com\\\/siacentres\"],\"description\":\"En SIA Centre somos el apoyo psicol\u00f3gico y escolar de referencia en Sant Boi y Barcelona. Con enfoque personalizado y profesional, te acompa\u00f1amos en tu crecimiento y desarrollo. Nuestra pasi\u00f3n por el aprendizaje y el bienestar nos impulsa a ofrecerte las herramientas necesarias para superar obst\u00e1culos y alcanzar tus metas. \u00a1\u00danete a nuestra comunidad y descubre c\u00f3mo podemos ayudarte a alcanzar tu m\u00e1ximo potencial!\",\"email\":\"siacentrepsicologia@gmail.com\",\"telephone\":\"+34 610 03 45 38\",\"legalName\":\"SIA Centres de Psicolog\u00eda y Educaci\u00f3n\"}]}<\/script>\n<!-- \/ Yoast SEO Premium plugin. -->","yoast_head_json":{"title":"Pol\u00edtica de privacidad &#8212; SIA Centres","description":"En el Centro SIA en Sant Boi, nos preocupamos por tu privacidad y protecci\u00f3n de datos personales. Lee nuestra pol\u00edtica de privacidad para comprender c\u00f3mo recopilamos, utilizamos y protegemos tu informaci\u00f3n personal. Nuestro compromiso es garantizar la confidencialidad y seguridad de tus datos, cumpliendo con las leyes y regulaciones de privacidad vigentes. Conoce tus derechos y c\u00f3mo ejercerlos, as\u00ed como los procedimientos que implementamos para proteger tu informaci\u00f3n. En el Centro SIA, nos tomamos en serio tu privacidad y estamos comprometidos a mantener la confianza que depositas en nosotros. Lee nuestra pol\u00edtica de privacidad completa para obtener informaci\u00f3n detallada sobre c\u00f3mo gestionamos tus datos personales.","robots":{"index":"index","follow":"follow","max-snippet":"max-snippet:-1","max-image-preview":"max-image-preview:large","max-video-preview":"max-video-preview:-1"},"canonical":"https:\/\/siacentres.com\/ca\/politica-privacidad\/","og_locale":"ca_ES","og_type":"article","og_title":"SIA Centres de psicolog\u00eda y educaci\u00f3n infantil","og_description":"Centro de Psicolog\u00eda y educaci\u00f3n infantil mejor calificado de Barcelona. Especializados en el rendimiento acad\u00e9mico y la salud emocional.","og_url":"https:\/\/siacentres.com\/ca\/politica-privacidad\/","og_site_name":"SIA Centres","article_modified_time":"2025-05-27T16:06:19+00:00","og_image":[{"width":1873,"height":1262,"url":"https:\/\/siacentres.com\/wp-content\/uploads\/2024\/05\/logo-2.png","type":"image\/png"}],"twitter_card":"summary_large_image","twitter_misc":{"Temps estimat de lectura":"2 minuts"},"schema":{"@context":"https:\/\/schema.org","@graph":[{"@type":"WebPage","@id":"https:\/\/siacentres.com\/politica-privacidad\/","url":"https:\/\/siacentres.com\/politica-privacidad\/","name":"Pol\u00edtica de privacidad &#8212; SIA Centres","isPartOf":{"@id":"https:\/\/siacentres.com\/#website"},"primaryImageOfPage":{"@id":"https:\/\/siacentres.com\/politica-privacidad\/#primaryimage"},"image":{"@id":"https:\/\/siacentres.com\/politica-privacidad\/#primaryimage"},"thumbnailUrl":"https:\/\/siacentres.com\/wp-content\/uploads\/2024\/05\/logo-2.png","datePublished":"2023-05-30T10:52:25+00:00","dateModified":"2025-05-27T16:06:19+00:00","description":"En el Centro SIA en Sant Boi, nos preocupamos por tu privacidad y protecci\u00f3n de datos personales. Lee nuestra pol\u00edtica de privacidad para comprender c\u00f3mo recopilamos, utilizamos y protegemos tu informaci\u00f3n personal. Nuestro compromiso es garantizar la confidencialidad y seguridad de tus datos, cumpliendo con las leyes y regulaciones de privacidad vigentes. Conoce tus derechos y c\u00f3mo ejercerlos, as\u00ed como los procedimientos que implementamos para proteger tu informaci\u00f3n. En el Centro SIA, nos tomamos en serio tu privacidad y estamos comprometidos a mantener la confianza que depositas en nosotros. Lee nuestra pol\u00edtica de privacidad completa para obtener informaci\u00f3n detallada sobre c\u00f3mo gestionamos tus datos personales.","inLanguage":"ca","potentialAction":[{"@type":"ReadAction","target":["https:\/\/siacentres.com\/politica-privacidad\/"]}]},{"@type":"ImageObject","inLanguage":"ca","@id":"https:\/\/siacentres.com\/politica-privacidad\/#primaryimage","url":"https:\/\/siacentres.com\/wp-content\/uploads\/2024\/05\/logo-2.png","contentUrl":"https:\/\/siacentres.com\/wp-content\/uploads\/2024\/05\/logo-2.png"},{"@type":"WebSite","@id":"https:\/\/siacentres.com\/#website","url":"https:\/\/siacentres.com\/","name":"SIA Centre","description":"Psicolog\u00eda, psicopedagog\u00eda y refuerzo escolar en Sant Boi y online","publisher":{"@id":"https:\/\/siacentres.com\/#organization"},"alternateName":"PSICOLOG\u00cdA, PSICOPEDAGOG\u00cdA, REEDUCACI\u00d3N DEL HABLA, REFUERZO ESCOLAR","potentialAction":[{"@type":"SearchAction","target":{"@type":"EntryPoint","urlTemplate":"https:\/\/siacentres.com\/?s={search_term_string}"},"query-input":{"@type":"PropertyValueSpecification","valueRequired":true,"valueName":"search_term_string"}}],"inLanguage":"ca"},{"@type":"Organization","@id":"https:\/\/siacentres.com\/#organization","name":"SIA centre de psicologia i educaci\u00f3","alternateName":"SIA centro de psicolog\u00eda y educaci\u00f3n","url":"https:\/\/siacentres.com\/","logo":{"@type":"ImageObject","inLanguage":"ca","@id":"https:\/\/siacentres.com\/#\/schema\/logo\/image\/","url":"https:\/\/siacentres.com\/wp-content\/uploads\/2025\/02\/Favicon-SIA.webp","contentUrl":"https:\/\/siacentres.com\/wp-content\/uploads\/2025\/02\/Favicon-SIA.webp","width":512,"height":512,"caption":"SIA centre de psicologia i educaci\u00f3"},"image":{"@id":"https:\/\/siacentres.com\/#\/schema\/logo\/image\/"},"sameAs":["https:\/\/instagram.com\/siacentres"],"description":"En SIA Centre somos el apoyo psicol\u00f3gico y escolar de referencia en Sant Boi y Barcelona. Con enfoque personalizado y profesional, te acompa\u00f1amos en tu crecimiento y desarrollo. Nuestra pasi\u00f3n por el aprendizaje y el bienestar nos impulsa a ofrecerte las herramientas necesarias para superar obst\u00e1culos y alcanzar tus metas. \u00a1\u00danete a nuestra comunidad y descubre c\u00f3mo podemos ayudarte a alcanzar tu m\u00e1ximo potencial!","email":"siacentrepsicologia@gmail.com","telephone":"+34 610 03 45 38","legalName":"SIA Centres de Psicolog\u00eda y Educaci\u00f3n"}]}},"_links":{"self":[{"href":"https:\/\/siacentres.com\/ca\/wp-json\/wp\/v2\/pages\/3","targetHints":{"allow":["GET"]}}],"collection":[{"href":"https:\/\/siacentres.com\/ca\/wp-json\/wp\/v2\/pages"}],"about":[{"href":"https:\/\/siacentres.com\/ca\/wp-json\/wp\/v2\/types\/page"}],"author":[{"embeddable":true,"href":"https:\/\/siacentres.com\/ca\/wp-json\/wp\/v2\/users\/1"}],"replies":[{"embeddable":true,"href":"https:\/\/siacentres.com\/ca\/wp-json\/wp\/v2\/comments?post=3"}],"version-history":[{"count":55,"href":"https:\/\/siacentres.com\/ca\/wp-json\/wp\/v2\/pages\/3\/revisions"}],"predecessor-version":[{"id":1630,"href":"https:\/\/siacentres.com\/ca\/wp-json\/wp\/v2\/pages\/3\/revisions\/1630"}],"wp:attachment":[{"href":"https:\/\/siacentres.com\/ca\/wp-json\/wp\/v2\/media?parent=3"}],"curies":[{"name":"wp","href":"https:\/\/api.w.org\/{rel}","templated":true}]}}